{"id":1938,"date":"2024-01-29T16:33:33","date_gmt":"2024-01-29T16:33:33","guid":{"rendered":"https:\/\/foto-lankwitz.de\/start\/?page_id=1938"},"modified":"2024-02-09T16:20:35","modified_gmt":"2024-02-09T16:20:35","slug":"impressum","status":"publish","type":"page","link":"https:\/\/foto-lankwitz.de\/start\/impressum\/","title":{"rendered":"Impressum"},"content":{"rendered":"\t\t<div data-elementor-type=\"wp-page\" data-elementor-id=\"1938\" class=\"elementor elementor-1938\" data-elementor-post-type=\"page\">\n\t\t\t\t<div class=\"elementor-element elementor-element-bf988d2 e-flex e-con-boxed e-con e-parent\" data-id=\"bf988d2\" data-element_type=\"container\" data-e-type=\"container\">\n\t\t\t\t\t<div class=\"e-con-inner\">\n\t\t\t\t<div class=\"elementor-element elementor-element-0867960 elementor-widget elementor-widget-text-editor\" data-id=\"0867960\" data-element_type=\"widget\" data-e-type=\"widget\" data-widget_type=\"text-editor.default\">\n\t\t\t\t<div class=\"elementor-widget-container\">\n\t\t\t\t\t\t\t\t\t<p>Dino Fischer und Anke Engelbrecher\u00a0 GbR<br \/>Fix Foto Lankwitz<br \/>Leonorenstr. 67<br \/>12247 Berlin<\/p><p>Telefon: 030-766 89 531<br \/>Telefax: 030-766 89 532<br \/>e-mail: fix@foto-lankwitz.de<\/p><p><b>Vertretungsberechtigte Gesellschafter der Fix Foto Lankwitz GbR:<br \/><\/b>Anke Engelbrecher und Dino Fischer<br \/><strong>Berufsrechtliche Regelungen:<\/strong><br \/>Zust\u00e4ndige Kammer: Handwerkskammer Berlin,Bl\u00fccherstra\u00dfe 68, 10961 Berlin, https:\/\/berlin.hwk-wp.de\/<\/p><p><b>Umsatzsteuer-Identifikationsnummer gem\u00e4\u00df \u00a7 27a Umsatzsteuergesetz:<\/b><br \/>USt-ID-Nr. DE 28737 1229<\/p><p><b>Haftungshinweis:<\/b><\/p><p>Wir \u00fcbernehmen\u00a0 keinerlei Verantwortung oder Haftung f\u00fcr die Angaben auf dieser Webseite. Unser Ziel ist es, aktuelle und genaue Informationen bereitzustellen. Allerdings kann nicht garantiert werden, dass die auf dieser Webseite verf\u00fcgbaren Angaben tats\u00e4chlich aktuell, umfassend, komplett oder genau sind.<\/p><p>Bei den bereitgestellten Informationen handelt es sich um solche allgemeiner Art, die nicht auf die besonderen Bed\u00fcrfnisse bestimmter Personen oder Unternehmen abgestimmt sind. Insbesondere soll durch sie keine Beratung erfolgen.<\/p><p>Sofern von dieser Webseite auf andere Webseiten verwiesen wird, k\u00f6nnen wir deren Inhalt nicht beeinflussen und f\u00fcr diesen auch keine Verantwortung<\/p>\t\t\t\t\t\t\t\t<\/div>\n\t\t\t\t<\/div>\n\t\t\t\t\t<\/div>\n\t\t\t\t<\/div>\n\t\t\t\t<\/div>\n\t\t","protected":false},"excerpt":{"rendered":"<p>Dino Fischer und Anke Engelbrecher\u00a0 GbRFix Foto LankwitzLeonorenstr. 6712247 Berlin Telefon: 030-766 89 531Telefax: 030-766 89 532e-mail: fix@foto-lankwitz.de Vertretungsberechtigte Gesellschafter der Fix Foto Lankwitz GbR:Anke Engelbrecher und Dino FischerBerufsrechtliche Regelungen:Zust\u00e4ndige &#8230;<\/p>\n","protected":false},"author":1,"featured_media":0,"parent":0,"menu_order":0,"comment_status":"closed","ping_status":"closed","template":"","meta":{"footnotes":""},"class_list":["post-1938","page","type-page","status-publish","hentry"],"yoast_head":"<!-- This site is optimized with the Yoast SEO plugin v27.5 - https:\/\/yoast.com\/product\/yoast-seo-wordpress\/ -->\n<title>Impressum - Fix Foto Lankwitz<\/title>\n<meta name=\"robots\" content=\"index, follow, max-snippet:-1, max-image-preview:large, max-video-preview:-1\" \/>\n<link rel=\"canonical\" href=\"https:\/\/foto-lankwitz.de\/start\/impressum\/\" \/>\n<meta property=\"og:locale\" content=\"de_DE\" \/>\n<meta property=\"og:type\" content=\"article\" \/>\n<meta property=\"og:title\" content=\"Impressum - Fix Foto Lankwitz\" \/>\n<meta property=\"og:description\" content=\"Dino Fischer und Anke Engelbrecher\u00a0 GbRFix Foto LankwitzLeonorenstr. 6712247 Berlin Telefon: 030-766 89 531Telefax: 030-766 89 532e-mail: fix@foto-lankwitz.de Vertretungsberechtigte Gesellschafter der Fix Foto Lankwitz GbR:Anke Engelbrecher und Dino FischerBerufsrechtliche Regelungen:Zust\u00e4ndige ...\" \/>\n<meta property=\"og:url\" content=\"https:\/\/foto-lankwitz.de\/start\/impressum\/\" \/>\n<meta property=\"og:site_name\" content=\"Fix Foto Lankwitz\" \/>\n<meta property=\"article:modified_time\" content=\"2024-02-09T16:20:35+00:00\" \/>\n<meta name=\"twitter:card\" content=\"summary_large_image\" \/>\n<meta name=\"twitter:label1\" content=\"Gesch\u00e4tzte Lesezeit\" \/>\n\t<meta name=\"twitter:data1\" content=\"1\u00a0Minute\" \/>\n<script type=\"application\/ld+json\" class=\"yoast-schema-graph\">{\"@context\":\"https:\\\/\\\/schema.org\",\"@graph\":[{\"@type\":\"WebPage\",\"@id\":\"https:\\\/\\\/foto-lankwitz.de\\\/start\\\/impressum\\\/\",\"url\":\"https:\\\/\\\/foto-lankwitz.de\\\/start\\\/impressum\\\/\",\"name\":\"Impressum - Fix Foto Lankwitz\",\"isPartOf\":{\"@id\":\"https:\\\/\\\/foto-lankwitz.de\\\/start\\\/#website\"},\"datePublished\":\"2024-01-29T16:33:33+00:00\",\"dateModified\":\"2024-02-09T16:20:35+00:00\",\"breadcrumb\":{\"@id\":\"https:\\\/\\\/foto-lankwitz.de\\\/start\\\/impressum\\\/#breadcrumb\"},\"inLanguage\":\"de\",\"potentialAction\":[{\"@type\":\"ReadAction\",\"target\":[\"https:\\\/\\\/foto-lankwitz.de\\\/start\\\/impressum\\\/\"]}]},{\"@type\":\"BreadcrumbList\",\"@id\":\"https:\\\/\\\/foto-lankwitz.de\\\/start\\\/impressum\\\/#breadcrumb\",\"itemListElement\":[{\"@type\":\"ListItem\",\"position\":1,\"name\":\"Startseite\",\"item\":\"https:\\\/\\\/foto-lankwitz.de\\\/start\\\/\"},{\"@type\":\"ListItem\",\"position\":2,\"name\":\"Impressum\"}]},{\"@type\":\"WebSite\",\"@id\":\"https:\\\/\\\/foto-lankwitz.de\\\/start\\\/#website\",\"url\":\"https:\\\/\\\/foto-lankwitz.de\\\/start\\\/\",\"name\":\"Fix Foto Lankwitz\",\"description\":\"Eine andere WordPress-Site.\",\"publisher\":{\"@id\":\"https:\\\/\\\/foto-lankwitz.de\\\/start\\\/#organization\"},\"potentialAction\":[{\"@type\":\"SearchAction\",\"target\":{\"@type\":\"EntryPoint\",\"urlTemplate\":\"https:\\\/\\\/foto-lankwitz.de\\\/start\\\/?s={search_term_string}\"},\"query-input\":{\"@type\":\"PropertyValueSpecification\",\"valueRequired\":true,\"valueName\":\"search_term_string\"}}],\"inLanguage\":\"de\"},{\"@type\":\"Organization\",\"@id\":\"https:\\\/\\\/foto-lankwitz.de\\\/start\\\/#organization\",\"name\":\"Fix Foto Lankwitz\",\"url\":\"https:\\\/\\\/foto-lankwitz.de\\\/start\\\/\",\"logo\":{\"@type\":\"ImageObject\",\"inLanguage\":\"de\",\"@id\":\"https:\\\/\\\/foto-lankwitz.de\\\/start\\\/#\\\/schema\\\/logo\\\/image\\\/\",\"url\":\"https:\\\/\\\/foto-lankwitz.de\\\/wp-content\\\/uploads\\\/2024\\\/02\\\/Logo-Transparent-B.png\",\"contentUrl\":\"https:\\\/\\\/foto-lankwitz.de\\\/wp-content\\\/uploads\\\/2024\\\/02\\\/Logo-Transparent-B.png\",\"width\":290,\"height\":69,\"caption\":\"Fix Foto Lankwitz\"},\"image\":{\"@id\":\"https:\\\/\\\/foto-lankwitz.de\\\/start\\\/#\\\/schema\\\/logo\\\/image\\\/\"}}]}<\/script>\n<!-- \/ Yoast SEO plugin. -->","yoast_head_json":{"title":"Impressum - Fix Foto Lankwitz","robots":{"index":"index","follow":"follow","max-snippet":"max-snippet:-1","max-image-preview":"max-image-preview:large","max-video-preview":"max-video-preview:-1"},"canonical":"https:\/\/foto-lankwitz.de\/start\/impressum\/","og_locale":"de_DE","og_type":"article","og_title":"Impressum - Fix Foto Lankwitz","og_description":"Dino Fischer und Anke Engelbrecher\u00a0 GbRFix Foto LankwitzLeonorenstr. 6712247 Berlin Telefon: 030-766 89 531Telefax: 030-766 89 532e-mail: fix@foto-lankwitz.de Vertretungsberechtigte Gesellschafter der Fix Foto Lankwitz GbR:Anke Engelbrecher und Dino FischerBerufsrechtliche Regelungen:Zust\u00e4ndige ...","og_url":"https:\/\/foto-lankwitz.de\/start\/impressum\/","og_site_name":"Fix Foto Lankwitz","article_modified_time":"2024-02-09T16:20:35+00:00","twitter_card":"summary_large_image","twitter_misc":{"Gesch\u00e4tzte Lesezeit":"1\u00a0Minute"},"schema":{"@context":"https:\/\/schema.org","@graph":[{"@type":"WebPage","@id":"https:\/\/foto-lankwitz.de\/start\/impressum\/","url":"https:\/\/foto-lankwitz.de\/start\/impressum\/","name":"Impressum - Fix Foto Lankwitz","isPartOf":{"@id":"https:\/\/foto-lankwitz.de\/start\/#website"},"datePublished":"2024-01-29T16:33:33+00:00","dateModified":"2024-02-09T16:20:35+00:00","breadcrumb":{"@id":"https:\/\/foto-lankwitz.de\/start\/impressum\/#breadcrumb"},"inLanguage":"de","potentialAction":[{"@type":"ReadAction","target":["https:\/\/foto-lankwitz.de\/start\/impressum\/"]}]},{"@type":"BreadcrumbList","@id":"https:\/\/foto-lankwitz.de\/start\/impressum\/#breadcrumb","itemListElement":[{"@type":"ListItem","position":1,"name":"Startseite","item":"https:\/\/foto-lankwitz.de\/start\/"},{"@type":"ListItem","position":2,"name":"Impressum"}]},{"@type":"WebSite","@id":"https:\/\/foto-lankwitz.de\/start\/#website","url":"https:\/\/foto-lankwitz.de\/start\/","name":"Fix Foto Lankwitz","description":"Eine andere WordPress-Site.","publisher":{"@id":"https:\/\/foto-lankwitz.de\/start\/#organization"},"potentialAction":[{"@type":"SearchAction","target":{"@type":"EntryPoint","urlTemplate":"https:\/\/foto-lankwitz.de\/start\/?s={search_term_string}"},"query-input":{"@type":"PropertyValueSpecification","valueRequired":true,"valueName":"search_term_string"}}],"inLanguage":"de"},{"@type":"Organization","@id":"https:\/\/foto-lankwitz.de\/start\/#organization","name":"Fix Foto Lankwitz","url":"https:\/\/foto-lankwitz.de\/start\/","logo":{"@type":"ImageObject","inLanguage":"de","@id":"https:\/\/foto-lankwitz.de\/start\/#\/schema\/logo\/image\/","url":"https:\/\/foto-lankwitz.de\/wp-content\/uploads\/2024\/02\/Logo-Transparent-B.png","contentUrl":"https:\/\/foto-lankwitz.de\/wp-content\/uploads\/2024\/02\/Logo-Transparent-B.png","width":290,"height":69,"caption":"Fix Foto Lankwitz"},"image":{"@id":"https:\/\/foto-lankwitz.de\/start\/#\/schema\/logo\/image\/"}}]}},"_links":{"self":[{"href":"https:\/\/foto-lankwitz.de\/start\/wp-json\/wp\/v2\/pages\/1938","targetHints":{"allow":["GET"]}}],"collection":[{"href":"https:\/\/foto-lankwitz.de\/start\/wp-json\/wp\/v2\/pages"}],"about":[{"href":"https:\/\/foto-lankwitz.de\/start\/wp-json\/wp\/v2\/types\/page"}],"author":[{"embeddable":true,"href":"https:\/\/foto-lankwitz.de\/start\/wp-json\/wp\/v2\/users\/1"}],"replies":[{"embeddable":true,"href":"https:\/\/foto-lankwitz.de\/start\/wp-json\/wp\/v2\/comments?post=1938"}],"version-history":[{"count":25,"href":"https:\/\/foto-lankwitz.de\/start\/wp-json\/wp\/v2\/pages\/1938\/revisions"}],"predecessor-version":[{"id":2078,"href":"https:\/\/foto-lankwitz.de\/start\/wp-json\/wp\/v2\/pages\/1938\/revisions\/2078"}],"wp:attachment":[{"href":"https:\/\/foto-lankwitz.de\/start\/wp-json\/wp\/v2\/media?parent=1938"}],"curies":[{"name":"wp","href":"https:\/\/api.w.org\/{rel}","templated":true}]}}